{"id":210,"date":"2021-07-16T20:43:57","date_gmt":"2021-07-16T20:43:57","guid":{"rendered":"http:\/\/www.theturtlemanfoundation.org\/?page_id=210"},"modified":"2022-02-12T00:02:35","modified_gmt":"2022-02-12T00:02:35","slug":"carey","status":"publish","type":"page","link":"https:\/\/www.theturtlemanfoundation.org\/es\/carey\/","title":{"rendered":"La tortuga BAULA"},"content":{"rendered":"<div data-elementor-type=\"wp-page\" data-elementor-id=\"210\" class=\"elementor elementor-210\">\n\t\t\t\t\t\t<section class=\"elementor-section elementor-top-section elementor-element elementor-element-310b2a3 elementor-section-boxed elementor-section-height-default elementor-section-height-default wpr-particle-no wpr-jarallax-no wpr-parallax-no wpr-sticky-section-no\" data-id=\"310b2a3\" data-element_type=\"section\" data-settings=\"{&quot;background_background&quot;:&quot;classic&quot;}\">\n\t\t\t\t\t\t<div class=\"elementor-container elementor-column-gap-default\">\n\t\t\t\t\t<div class=\"elementor-column elementor-col-100 elementor-top-column elementor-element elementor-element-f7d4add\" data-id=\"f7d4add\" data-element_type=\"column\">\n\t\t\t<div class=\"elementor-widget-wrap elementor-element-populated\">\n\t\t\t\t\t\t<div class=\"elementor-element elementor-element-b7db7ee elementor-widget elementor-widget-spacer\" data-id=\"b7db7ee\" data-element_type=\"widget\" data-widget_type=\"spacer.default\">\n\t\t\t\t<div class=\"elementor-widget-container\">\n\t\t\t\t\t\t\t<div class=\"elementor-spacer\">\n\t\t\t<div class=\"elementor-spacer-inner\"><\/div>\n\t\t<\/div>\n\t\t\t\t\t\t<\/div>\n\t\t\t\t<\/div>\n\t\t\t\t<div class=\"elementor-element elementor-element-877f575 elementor-widget elementor-widget-heading\" data-id=\"877f575\" data-element_type=\"widget\" data-widget_type=\"heading.default\">\n\t\t\t\t<div class=\"elementor-widget-container\">\n\t\t\t\t\t<h2 class=\"elementor-heading-title elementor-size-default\">     La tortuga BAULA <\/h2>\t\t\t\t<\/div>\n\t\t\t\t<\/div>\n\t\t\t\t<div class=\"elementor-element elementor-element-8ae8a39 elementor-widget elementor-widget-text-editor\" data-id=\"8ae8a39\" data-element_type=\"widget\" data-widget_type=\"text-editor.default\">\n\t\t\t\t<div class=\"elementor-widget-container\">\n\t\t\t\t\t\t\t\t\t<p><span style=\"font-weight: 400;\">La m\u00e1s grande de las tortugas marinas, las tortugas la\u00fad llegar a m\u00e1s de 1,8 m (6 pies) de longitud y m\u00e1s de 640 kg (1,410 libras) de peso. Durante sus largas migraciones, las tortugas la\u00fad regularmente bucear a profundidades de m\u00e1s de 1.000 m (3,281 pies) en la b\u00fasqueda de zooplancton gelatinoso para comer. Las tortugas la\u00fad est\u00e1n disminuyendo r\u00e1pidamente en muchas zonas del mundo. <\/span><\/p>\t\t\t\t\t\t\t\t<\/div>\n\t\t\t\t<\/div>\n\t\t\t\t<div class=\"elementor-element elementor-element-ca42953 elementor-widget elementor-widget-spacer\" data-id=\"ca42953\" data-element_type=\"widget\" data-widget_type=\"spacer.default\">\n\t\t\t\t<div class=\"elementor-widget-container\">\n\t\t\t\t\t\t\t<div class=\"elementor-spacer\">\n\t\t\t<div class=\"elementor-spacer-inner\"><\/div>\n\t\t<\/div>\n\t\t\t\t\t\t<\/div>\n\t\t\t\t<\/div>\n\t\t\t\t\t<\/div>\n\t\t<\/div>\n\t\t\t\t\t<\/div>\n\t\t<\/section>\n\t\t\t\t<section class=\"elementor-section elementor-top-section elementor-element elementor-element-f467fed elementor-section-boxed elementor-section-height-default elementor-section-height-default wpr-particle-no wpr-jarallax-no wpr-parallax-no wpr-sticky-section-no\" data-id=\"f467fed\" data-element_type=\"section\">\n\t\t\t\t\t\t<div class=\"elementor-container elementor-column-gap-default\">\n\t\t\t\t\t<div class=\"elementor-column elementor-col-50 elementor-top-column elementor-element elementor-element-1ddcfe6\" data-id=\"1ddcfe6\" data-element_type=\"column\">\n\t\t\t<div class=\"elementor-widget-wrap elementor-element-populated\">\n\t\t\t\t\t\t<div class=\"elementor-element elementor-element-516a548 elementor-widget elementor-widget-spacer\" data-id=\"516a548\" data-element_type=\"widget\" data-widget_type=\"spacer.default\">\n\t\t\t\t<div class=\"elementor-widget-container\">\n\t\t\t\t\t\t\t<div class=\"elementor-spacer\">\n\t\t\t<div class=\"elementor-spacer-inner\"><\/div>\n\t\t<\/div>\n\t\t\t\t\t\t<\/div>\n\t\t\t\t<\/div>\n\t\t\t\t<div class=\"elementor-element elementor-element-dbb20b5 elementor-widget elementor-widget-spacer\" data-id=\"dbb20b5\" data-element_type=\"widget\" data-widget_type=\"spacer.default\">\n\t\t\t\t<div class=\"elementor-widget-container\">\n\t\t\t\t\t\t\t<div class=\"elementor-spacer\">\n\t\t\t<div class=\"elementor-spacer-inner\"><\/div>\n\t\t<\/div>\n\t\t\t\t\t\t<\/div>\n\t\t\t\t<\/div>\n\t\t\t\t<div class=\"elementor-element elementor-element-501c0ae elementor-arrows-position-inside elementor-pagination-position-outside elementor-widget elementor-widget-image-carousel\" data-id=\"501c0ae\" data-element_type=\"widget\" data-settings=\"{&quot;slides_to_show&quot;:&quot;1&quot;,&quot;effect&quot;:&quot;fade&quot;,&quot;navigation&quot;:&quot;both&quot;,&quot;autoplay&quot;:&quot;yes&quot;,&quot;pause_on_hover&quot;:&quot;yes&quot;,&quot;pause_on_interaction&quot;:&quot;yes&quot;,&quot;autoplay_speed&quot;:5000,&quot;infinite&quot;:&quot;yes&quot;,&quot;speed&quot;:500}\" data-widget_type=\"image-carousel.default\">\n\t\t\t\t<div class=\"elementor-widget-container\">\n\t\t\t\t\t\t\t<div class=\"elementor-image-carousel-wrapper swiper\" role=\"region\" aria-roledescription=\"carousel\" aria-label=\"Image Carousel\" dir=\"ltr\">\n\t\t\t<div class=\"elementor-image-carousel swiper-wrapper\" aria-live=\"off\">\n\t\t\t\t\t\t\t\t<div class=\"swiper-slide\" role=\"group\" aria-roledescription=\"slide\" aria-label=\"1 of 1\"><figure class=\"swiper-slide-inner\"><img decoding=\"async\" class=\"swiper-slide-image\" src=\"https:\/\/www.theturtlemanfoundation.org\/wp-content\/uploads\/2022\/01\/Leatherback-Sea-Turtle-IStock.jpeg\" alt=\"Adult female Leatherback sea turtle (Dermochelys coriacea) arriving on a sandy beach on an island in the Caribbean to lay her eggs deep in the sand. (Adult female Leatherback sea turtle (Dermochelys coriacea) arriving on a sandy beach on an island in\" \/><\/figure><\/div>\t\t\t<\/div>\n\t\t\t\t\t<\/div>\n\t\t\t\t\t\t<\/div>\n\t\t\t\t<\/div>\n\t\t\t\t\t<\/div>\n\t\t<\/div>\n\t\t\t\t<div class=\"elementor-column elementor-col-50 elementor-top-column elementor-element elementor-element-1ffdf9b\" data-id=\"1ffdf9b\" data-element_type=\"column\">\n\t\t\t<div class=\"elementor-widget-wrap elementor-element-populated\">\n\t\t\t\t\t\t<div class=\"elementor-element elementor-element-0221670 elementor-widget elementor-widget-spacer\" data-id=\"0221670\" data-element_type=\"widget\" data-widget_type=\"spacer.default\">\n\t\t\t\t<div class=\"elementor-widget-container\">\n\t\t\t\t\t\t\t<div class=\"elementor-spacer\">\n\t\t\t<div class=\"elementor-spacer-inner\"><\/div>\n\t\t<\/div>\n\t\t\t\t\t\t<\/div>\n\t\t\t\t<\/div>\n\t\t\t\t<div class=\"elementor-element elementor-element-0edf4a2 elementor-widget elementor-widget-eael-adv-accordion\" data-id=\"0edf4a2\" data-element_type=\"widget\" data-widget_type=\"eael-adv-accordion.default\">\n\t\t\t\t<div class=\"elementor-widget-container\">\n\t\t\t\t\t        <div class=\"eael-adv-accordion\" id=\"eael-adv-accordion-0edf4a2\" data-scroll-on-click=\"no\" data-scroll-speed=\"300\" data-accordion-id=\"0edf4a2\" data-accordion-type=\"accordion\" data-toogle-speed=\"300\">\n    <div class=\"eael-accordion-list\">\n                <div id=\"scientific-name\" class=\"elementor-tab-title eael-accordion-header\" tabindex=\"0\" data-tab=\"1\" aria-controls=\"elementor-tab-content-1551\"><span class=\"eael-advanced-accordion-icon-closed\"><i aria-hidden=\"true\" class=\"fa-accordion-icon fas fa-plus\"><\/i><\/span><span class=\"eael-advanced-accordion-icon-opened\"><i aria-hidden=\"true\" class=\"fa-accordion-icon fas fa-minus\"><\/i><\/span><span class=\"eael-accordion-tab-title\">NOMBRE CIENT\u00cdFICO<\/span><i aria-hidden=\"true\" class=\"fa-toggle fas fa-angle-right\"><\/i><\/div><div id=\"elementor-tab-content-1551\" class=\"eael-accordion-content clearfix\" data-tab=\"1\" aria-labelledby=\"scientific-name\"><p><i><span style=\"font-weight: 400;\">Dermochelys Coriacea<\/span><\/i><\/p><\/div>\n                <\/div><div class=\"eael-accordion-list\">\n                <div id=\"status\" class=\"elementor-tab-title eael-accordion-header\" tabindex=\"0\" data-tab=\"2\" aria-controls=\"elementor-tab-content-1552\"><span class=\"eael-advanced-accordion-icon-closed\"><i aria-hidden=\"true\" class=\"fa-accordion-icon fas fa-plus\"><\/i><\/span><span class=\"eael-advanced-accordion-icon-opened\"><i aria-hidden=\"true\" class=\"fa-accordion-icon fas fa-minus\"><\/i><\/span><span class=\"eael-accordion-tab-title\">ESTADO<\/span><i aria-hidden=\"true\" class=\"fa-toggle fas fa-angle-right\"><\/i><\/div><div id=\"elementor-tab-content-1552\" class=\"eael-accordion-content clearfix\" data-tab=\"2\" aria-labelledby=\"status\"><p>\u00a0<\/p><p><em><span style=\"font-weight: 400;\">Vulnerables\u00a0<\/span><\/em><\/p><\/div>\n                <\/div><div class=\"eael-accordion-list\">\n                <div id=\"distribution\" class=\"elementor-tab-title eael-accordion-header\" tabindex=\"0\" data-tab=\"3\" aria-controls=\"elementor-tab-content-1553\"><span class=\"eael-advanced-accordion-icon-closed\"><i aria-hidden=\"true\" class=\"fa-accordion-icon fas fa-plus\"><\/i><\/span><span class=\"eael-advanced-accordion-icon-opened\"><i aria-hidden=\"true\" class=\"fa-accordion-icon fas fa-minus\"><\/i><\/span><span class=\"eael-accordion-tab-title\">DISTRIBUCI\u00d3N<\/span><i aria-hidden=\"true\" class=\"fa-toggle fas fa-angle-right\"><\/i><\/div><div id=\"elementor-tab-content-1553\" class=\"eael-accordion-content clearfix\" data-tab=\"3\" aria-labelledby=\"distribution\"><ul><li style=\"font-weight: 400;\" aria-level=\"1\"><span style=\"font-weight: 400;\">Circunglobal<\/span><\/li><li style=\"font-weight: 400;\" aria-level=\"1\"><span style=\"font-weight: 400;\">Presente en todos los oc\u00e9anos del mundo, excepto el \u00c1rtico y La Ant\u00e1rtida<\/span><\/li><li style=\"font-weight: 400;\" aria-level=\"1\"><span style=\"font-weight: 400;\">\u00c1reas de anidaci\u00f3n en los tr\u00f3picos<\/span><\/li><li style=\"font-weight: 400;\" aria-level=\"1\"><span style=\"font-weight: 400;\">No nidifican en el \u00e1rea de distribuci\u00f3n se extiende a la sub-regiones polares<\/span><\/li><\/ul><\/div>\n                <\/div><div class=\"eael-accordion-list\">\n                <div id=\"size-\" class=\"elementor-tab-title eael-accordion-header\" tabindex=\"0\" data-tab=\"4\" aria-controls=\"elementor-tab-content-1554\"><span class=\"eael-advanced-accordion-icon-closed\"><i aria-hidden=\"true\" class=\"fa-accordion-icon fas fa-plus\"><\/i><\/span><span class=\"eael-advanced-accordion-icon-opened\"><i aria-hidden=\"true\" class=\"fa-accordion-icon fas fa-minus\"><\/i><\/span><span class=\"eael-accordion-tab-title\">TAMA\u00d1O <\/span><i aria-hidden=\"true\" class=\"fa-toggle fas fa-angle-right\"><\/i><\/div><div id=\"elementor-tab-content-1554\" class=\"eael-accordion-content clearfix\" data-tab=\"4\" aria-labelledby=\"size-\"><p><strong><em>ADULTO<\/em><\/strong><\/p><ul><li style=\"font-weight: 400;\" aria-level=\"1\"><span style=\"font-weight: 400;\">Longitud: 5&#039; \u2013 6&#039; Ft\u00a0 \u00a0 <\/span><\/li><li style=\"font-weight: 400;\" aria-level=\"1\"><span style=\"font-weight: 400;\">El Peso De 660 1,400 Pds<\/span><\/li><\/ul><\/div>\n                <\/div><div class=\"eael-accordion-list\">\n                <div id=\"hatchling\" class=\"elementor-tab-title eael-accordion-header\" tabindex=\"0\" data-tab=\"5\" aria-controls=\"elementor-tab-content-1555\"><span class=\"eael-advanced-accordion-icon-closed\"><i aria-hidden=\"true\" class=\"fa-accordion-icon fas fa-plus\"><\/i><\/span><span class=\"eael-advanced-accordion-icon-opened\"><i aria-hidden=\"true\" class=\"fa-accordion-icon fas fa-minus\"><\/i><\/span><span class=\"eael-accordion-tab-title\">Los NEONATOS<\/span><i aria-hidden=\"true\" class=\"fa-toggle fas fa-angle-right\"><\/i><\/div><div id=\"elementor-tab-content-1555\" class=\"eael-accordion-content clearfix\" data-tab=\"5\" aria-labelledby=\"hatchling\"><ul><li aria-level=\"1\">Longitud de 2&#034;\u00a0 \u00a0 \u00a0 \u00a0 \u00a0 \u00a0<\/li><li aria-level=\"1\">1.5 Oz De Peso\u00a0 \u00a0<\/li><\/ul><\/div>\n                <\/div><div class=\"eael-accordion-list\">\n                <div id=\"diet\" class=\"elementor-tab-title eael-accordion-header\" tabindex=\"0\" data-tab=\"6\" aria-controls=\"elementor-tab-content-1556\"><span class=\"eael-advanced-accordion-icon-closed\"><i aria-hidden=\"true\" class=\"fa-accordion-icon fas fa-plus\"><\/i><\/span><span class=\"eael-advanced-accordion-icon-opened\"><i aria-hidden=\"true\" class=\"fa-accordion-icon fas fa-minus\"><\/i><\/span><span class=\"eael-accordion-tab-title\">DIETA<\/span><i aria-hidden=\"true\" class=\"fa-toggle fas fa-angle-right\"><\/i><\/div><div id=\"elementor-tab-content-1556\" class=\"eael-accordion-content clearfix\" data-tab=\"6\" aria-labelledby=\"diet\"><p><em><span style=\"font-weight: 400;\">Para todas las etapas de la vida, zooplancton gelatinoso (jaleas y mermelada organismos similares)<\/span><\/em><\/p><\/div>\n                <\/div><div class=\"eael-accordion-list\">\n                <div id=\"reproduction\" class=\"elementor-tab-title eael-accordion-header\" tabindex=\"0\" data-tab=\"7\" aria-controls=\"elementor-tab-content-1557\"><span class=\"eael-advanced-accordion-icon-closed\"><i aria-hidden=\"true\" class=\"fa-accordion-icon fas fa-plus\"><\/i><\/span><span class=\"eael-advanced-accordion-icon-opened\"><i aria-hidden=\"true\" class=\"fa-accordion-icon fas fa-minus\"><\/i><\/span><span class=\"eael-accordion-tab-title\">REPRODUCCI\u00d3N<\/span><i aria-hidden=\"true\" class=\"fa-toggle fas fa-angle-right\"><\/i><\/div><div id=\"elementor-tab-content-1557\" class=\"eael-accordion-content clearfix\" data-tab=\"7\" aria-labelledby=\"reproduction\"><ul><li style=\"font-weight: 400;\" aria-level=\"1\"><span style=\"font-weight: 400;\">Se reproducen cada 2 a 4 a\u00f1os<\/span><\/li><li style=\"font-weight: 400;\" aria-level=\"1\"><span style=\"font-weight: 400;\">Laicos 4-8 redes por a\u00f1o<\/span><\/li><li style=\"font-weight: 400;\" aria-level=\"1\"><span style=\"font-weight: 400;\">Laicos 50-90 huevo es de 2&#034; y Pesa alrededor de 3 Onzas<\/span><\/li><li style=\"font-weight: 400;\" aria-level=\"1\"><span style=\"font-weight: 400;\">Los huevos pesan aproximadamente 80 gramos<\/span><\/li><li style=\"font-weight: 400;\" aria-level=\"1\"><span style=\"font-weight: 400;\">El per\u00edodo de incubaci\u00f3n es de aproximadamente 60 d\u00edas<\/span><\/li><\/ul><\/div>\n                <\/div><div class=\"eael-accordion-list\">\n                <div id=\"leatherback-turtle-facts\" class=\"elementor-tab-title eael-accordion-header\" tabindex=\"0\" data-tab=\"8\" aria-controls=\"elementor-tab-content-1558\"><span class=\"eael-advanced-accordion-icon-closed\"><i aria-hidden=\"true\" class=\"fa-accordion-icon fas fa-plus\"><\/i><\/span><span class=\"eael-advanced-accordion-icon-opened\"><i aria-hidden=\"true\" class=\"fa-accordion-icon fas fa-minus\"><\/i><\/span><span class=\"eael-accordion-tab-title\">TORTUGA BAULA HECHOS<\/span><i aria-hidden=\"true\" class=\"fa-toggle fas fa-angle-right\"><\/i><\/div><div id=\"elementor-tab-content-1558\" class=\"eael-accordion-content clearfix\" data-tab=\"8\" aria-labelledby=\"leatherback-turtle-facts\"><ul><li style=\"font-weight: 400;\" aria-level=\"1\"><span style=\"font-weight: 400;\">La tortuga baula es el \u00fanico miembro restante de su familia taxon\u00f3mica (Dermochelyidae).<\/span><\/li><li style=\"font-weight: 400;\" aria-level=\"1\"><span style=\"font-weight: 400;\">Las tortugas la\u00fad se basan en una \u00fanica suite de adaptaciones incluyendo gran tama\u00f1o corporal, cambios en la actividad y de la tasa metab\u00f3lica, perif\u00e9ricos de aislamiento (es decir, grasa), y los ajustes en el flujo de la sangre para mantener el n\u00facleo estable la temperatura del cuerpo en diferentes temperaturas de agua de templado a latitudes tropicales.<\/span><\/li><li style=\"font-weight: 400;\" aria-level=\"1\"><span style=\"font-weight: 400;\">El<\/span><a href=\"https:\/\/museum.wales\/articles\/2007-08-15\/The-largest-turtle-in-the-world\/\"> <span style=\"font-weight: 400;\">m\u00e1s grande de tortuga baula siempre informado<\/span><\/a><span style=\"font-weight: 400;\"> era un hombre adulto que se encuentra en el pa\u00eds de Gales. Fue m\u00e1s de 2 metros (6,6 pies) de largo y 900 kg (1980 lbs) en masa.<\/span><\/li><li style=\"font-weight: 400;\" aria-level=\"1\"><span style=\"font-weight: 400;\">El<\/span><a href=\"https:\/\/static1.squarespace.com\/static\/5b80290bee1759a50e3a86b3\/t\/5bb3e92fe5e5f0cff4d977c1\/1538517296073\/r3_pacific-leatherback-long-distance.pdf\"> <span style=\"font-weight: 400;\">m\u00e1s largo registrado de tortuga baula migraci\u00f3n<\/span><\/a><span style=\"font-weight: 400;\"> era de 13.000 millas \u2013 de una manera!<\/span><\/li><li style=\"font-weight: 400;\" aria-level=\"1\"><span style=\"font-weight: 400;\">Las tortugas la\u00fad bucear mucho m\u00e1s profundo que el de las otras, con regularidad alcanzando profundidades m\u00e1s all\u00e1 de los 1.000 m (3,281 pies). La tortuga<\/span><a href=\"http:\/\/jeb.biologists.org\/content\/211\/16\/2566\"> <span style=\"font-weight: 400;\">m\u00e1s profundas inmersiones registradas<\/span><\/a><span style=\"font-weight: 400;\"> exceder los 1250 m (3,900 pies).<\/span><\/li><\/ul><\/div>\n                <\/div><div class=\"eael-accordion-list\">\n                <div id=\"leatherback-turtle-facts\" class=\"elementor-tab-title eael-accordion-header\" tabindex=\"0\" data-tab=\"9\" aria-controls=\"elementor-tab-content-1559\"><span class=\"eael-advanced-accordion-icon-closed\"><i aria-hidden=\"true\" class=\"fa-accordion-icon fas fa-plus\"><\/i><\/span><span class=\"eael-advanced-accordion-icon-opened\"><i aria-hidden=\"true\" class=\"fa-accordion-icon fas fa-minus\"><\/i><\/span><span class=\"eael-accordion-tab-title\">TORTUGA BAULA HECHOS<\/span><i aria-hidden=\"true\" class=\"fa-toggle fas fa-angle-right\"><\/i><\/div><div id=\"elementor-tab-content-1559\" class=\"eael-accordion-content clearfix\" data-tab=\"9\" aria-labelledby=\"leatherback-turtle-facts\"><ul><li style=\"font-weight: 400;\" aria-level=\"1\"><span style=\"font-weight: 400;\">Ellos son los m\u00e1s grandes de tortugas marinas en el mundo!<\/span><\/li><li style=\"font-weight: 400;\" aria-level=\"1\"><span style=\"font-weight: 400;\">La esperanza media de vida es de 10 a 20 a\u00f1os, pero pueden vivir hasta 50 a\u00f1os.<\/span><\/li><li style=\"font-weight: 400;\" aria-level=\"1\"><span style=\"font-weight: 400;\">Usted puede encontrar en todo el mundo en los oc\u00e9anos tropicales y subtropicales.<\/span><\/li><li style=\"font-weight: 400;\" aria-level=\"1\"><span style=\"font-weight: 400;\">Tienen adaptaciones especiales para protegerlos de la medusa de mar del veneno de llamadas papilas.<\/span><\/li><li style=\"font-weight: 400;\" aria-level=\"1\"><span style=\"font-weight: 400;\">Pueden sumergirse a profundidades de 4,200 pies, m\u00e1s profundo que cualquier otra tortuga, y pueden contener la respiraci\u00f3n durante 85 minutos.<\/span><\/li><\/ul><\/div>\n                <\/div><\/div>\t\t\t\t<\/div>\n\t\t\t\t<\/div>\n\t\t\t\t\t<\/div>\n\t\t<\/div>\n\t\t\t\t\t<\/div>\n\t\t<\/section>\n\t\t\t\t<\/div>","protected":false},"excerpt":{"rendered":"<p>LEATHERBACK The largest of the sea turtles, leatherbacks reach more than 1.8 m (6 ft) in length and more than 640 kg<\/p>","protected":false},"author":1,"featured_media":0,"parent":0,"menu_order":0,"comment_status":"closed","ping_status":"closed","template":"page-templates\/page_front-page.php","meta":{"footnotes":""},"class_list":["post-210","page","type-page","status-publish","hentry"],"aioseo_notices":[],"_links":{"self":[{"href":"https:\/\/www.theturtlemanfoundation.org\/es\/wp-json\/wp\/v2\/pages\/210","targetHints":{"allow":["GET"]}}],"collection":[{"href":"https:\/\/www.theturtlemanfoundation.org\/es\/wp-json\/wp\/v2\/pages"}],"about":[{"href":"https:\/\/www.theturtlemanfoundation.org\/es\/wp-json\/wp\/v2\/types\/page"}],"author":[{"embeddable":true,"href":"https:\/\/www.theturtlemanfoundation.org\/es\/wp-json\/wp\/v2\/users\/1"}],"replies":[{"embeddable":true,"href":"https:\/\/www.theturtlemanfoundation.org\/es\/wp-json\/wp\/v2\/comments?post=210"}],"version-history":[{"count":110,"href":"https:\/\/www.theturtlemanfoundation.org\/es\/wp-json\/wp\/v2\/pages\/210\/revisions"}],"predecessor-version":[{"id":1253,"href":"https:\/\/www.theturtlemanfoundation.org\/es\/wp-json\/wp\/v2\/pages\/210\/revisions\/1253"}],"wp:attachment":[{"href":"https:\/\/www.theturtlemanfoundation.org\/es\/wp-json\/wp\/v2\/media?parent=210"}],"curies":[{"name":"wp","href":"https:\/\/api.w.org\/{rel}","templated":true}]}}