{"id":242,"date":"2021-07-16T21:29:08","date_gmt":"2021-07-16T21:29:08","guid":{"rendered":"http:\/\/www.theturtlemanfoundation.org\/?page_id=242"},"modified":"2023-03-10T22:39:49","modified_gmt":"2023-03-10T22:39:49","slug":"the-turtle-man-foundation-2","status":"publish","type":"page","link":"https:\/\/www.theturtlemanfoundation.org\/es\/the-turtle-man-foundation-2\/","title":{"rendered":"The Turtle Man Foundation"},"content":{"rendered":"<div data-elementor-type=\"wp-page\" data-elementor-id=\"242\" class=\"elementor elementor-242\">\n\t\t\t\t\t\t<section class=\"elementor-section elementor-top-section elementor-element elementor-element-c84f901 elementor-section-boxed elementor-section-height-default elementor-section-height-default wpr-particle-no wpr-jarallax-no wpr-parallax-no wpr-sticky-section-no\" data-id=\"c84f901\" data-element_type=\"section\" data-settings=\"{&quot;background_background&quot;:&quot;classic&quot;}\">\n\t\t\t\t\t\t<div class=\"elementor-container elementor-column-gap-default\">\n\t\t\t\t\t<div class=\"elementor-column elementor-col-100 elementor-top-column elementor-element elementor-element-80a2967\" data-id=\"80a2967\" data-element_type=\"column\">\n\t\t\t<div class=\"elementor-widget-wrap elementor-element-populated\">\n\t\t\t\t\t\t<div class=\"elementor-element elementor-element-c4c4541 elementor-widget elementor-widget-spacer\" data-id=\"c4c4541\" data-element_type=\"widget\" data-widget_type=\"spacer.default\">\n\t\t\t\t<div class=\"elementor-widget-container\">\n\t\t\t\t\t\t\t<div class=\"elementor-spacer\">\n\t\t\t<div class=\"elementor-spacer-inner\"><\/div>\n\t\t<\/div>\n\t\t\t\t\t\t<\/div>\n\t\t\t\t<\/div>\n\t\t\t\t<div class=\"elementor-element elementor-element-9ddd4fd elementor-widget elementor-widget-heading\" data-id=\"9ddd4fd\" data-element_type=\"widget\" data-widget_type=\"heading.default\">\n\t\t\t\t<div class=\"elementor-widget-container\">\n\t\t\t\t\t<h2 class=\"elementor-heading-title elementor-size-default\">About the Turtleman Foundation\n<\/h2>\t\t\t\t<\/div>\n\t\t\t\t<\/div>\n\t\t\t\t<div class=\"elementor-element elementor-element-0cb3653 elementor-widget elementor-widget-text-editor\" data-id=\"0cb3653\" data-element_type=\"widget\" data-widget_type=\"text-editor.default\">\n\t\t\t\t<div class=\"elementor-widget-container\">\n\t\t\t\t\t\t\t\t\t<p><span style=\"font-weight: 400;\">El Turtleman Fundaci\u00f3n fue fundada por Joseph, tambi\u00e9n conocido como &#034;El Turtleman&#034;. Fundada con el objetivo de ser capaz de darle la espalda a la causa de ayudar en el ahorro de las tortugas marinas, ayudando en la conservaci\u00f3n de los oc\u00e9anos, y dando la espalda a su pasi\u00f3n, el oc\u00e9ano. <\/span><span style=\"font-weight: 400;\">Las tortugas marinas han existido por m\u00e1s de 100 millones de a\u00f1os, y que viajar a trav\u00e9s de los oc\u00e9anos del mundo. Ahora la realidad es que ellos est\u00e1n luchando por sobrevivir \u2014 en gran parte debido a las cosas que la gente est\u00e1 haciendo a los oc\u00e9anos del planeta y de las playas.<\/span><span style=\"font-weight: 400;\"> Queremos evitar que las tortugas marinas de ser cruelmente asesinados y exterminados, sus playas de anidaci\u00f3n de ser contaminado y sobredimensionado, y sus h\u00e1bitats marinos de ser contaminados y destruidos por los residuos de pl\u00e1stico y otras formas de contaminaci\u00f3n. <\/span><span style=\"font-weight: 400;\">Over the years The Turtleman Foundation has been able to help local sea turtle research centers within the US, as well as more recently being able to donate outside of the US in international projects. The Turtleman Foundation has been able to donate and help in funding important projects and research objectives of various ocean and marine life conservation organizations.<\/span><\/p>\t\t\t\t\t\t\t\t<\/div>\n\t\t\t\t<\/div>\n\t\t\t\t<div class=\"elementor-element elementor-element-b8bd91f elementor-widget elementor-widget-heading\" data-id=\"b8bd91f\" data-element_type=\"widget\" data-widget_type=\"heading.default\">\n\t\t\t\t<div class=\"elementor-widget-container\">\n\t\t\t\t\t<h5 class=\"elementor-heading-title elementor-size-default\">Founded 2015<\/h5>\t\t\t\t<\/div>\n\t\t\t\t<\/div>\n\t\t\t\t\t<\/div>\n\t\t<\/div>\n\t\t\t\t\t<\/div>\n\t\t<\/section>\n\t\t\t\t<section class=\"elementor-section elementor-top-section elementor-element elementor-element-c165154 elementor-hidden-desktop elementor-hidden-tablet elementor-section-boxed elementor-section-height-default elementor-section-height-default wpr-particle-no wpr-jarallax-no wpr-parallax-no wpr-sticky-section-no\" data-id=\"c165154\" data-element_type=\"section\">\n\t\t\t\t\t\t<div class=\"elementor-container elementor-column-gap-default\">\n\t\t\t\t\t<div class=\"elementor-column elementor-col-100 elementor-top-column elementor-element elementor-element-c8a7adc\" data-id=\"c8a7adc\" data-element_type=\"column\">\n\t\t\t<div class=\"elementor-widget-wrap elementor-element-populated\">\n\t\t\t\t\t\t<section class=\"elementor-section elementor-inner-section elementor-element elementor-element-c33c579 elementor-section-boxed elementor-section-height-default elementor-section-height-default wpr-particle-no wpr-jarallax-no wpr-parallax-no wpr-sticky-section-no\" data-id=\"c33c579\" data-element_type=\"section\">\n\t\t\t\t\t\t<div class=\"elementor-container elementor-column-gap-default\">\n\t\t\t\t\t<div class=\"elementor-column elementor-col-25 elementor-inner-column elementor-element elementor-element-1827c02\" data-id=\"1827c02\" data-element_type=\"column\">\n\t\t\t<div class=\"elementor-widget-wrap elementor-element-populated\">\n\t\t\t\t\t\t<div class=\"elementor-element elementor-element-773a870 elementor-widget elementor-widget-image\" data-id=\"773a870\" data-element_type=\"widget\" data-widget_type=\"image.default\">\n\t\t\t\t<div class=\"elementor-widget-container\">\n\t\t\t\t\t\t\t\t\t\t\t\t\t\t\t<img fetchpriority=\"high\" decoding=\"async\" width=\"1024\" height=\"768\" src=\"https:\/\/www.theturtlemanfoundation.org\/wp-content\/uploads\/2023\/02\/53e514dc-2104-45e5-aafd-d2d53b6bba96-1024x768.jpg\" class=\"attachment-large size-large wp-image-1710\" alt=\"\" srcset=\"https:\/\/www.theturtlemanfoundation.org\/wp-content\/uploads\/2023\/02\/53e514dc-2104-45e5-aafd-d2d53b6bba96-1024x768.jpg 1024w, https:\/\/www.theturtlemanfoundation.org\/wp-content\/uploads\/2023\/02\/53e514dc-2104-45e5-aafd-d2d53b6bba96-300x225.jpg 300w, https:\/\/www.theturtlemanfoundation.org\/wp-content\/uploads\/2023\/02\/53e514dc-2104-45e5-aafd-d2d53b6bba96-768x576.jpg 768w, https:\/\/www.theturtlemanfoundation.org\/wp-content\/uploads\/2023\/02\/53e514dc-2104-45e5-aafd-d2d53b6bba96-1536x1153.jpg 1536w, https:\/\/www.theturtlemanfoundation.org\/wp-content\/uploads\/2023\/02\/53e514dc-2104-45e5-aafd-d2d53b6bba96-830x623.jpg 830w, https:\/\/www.theturtlemanfoundation.org\/wp-content\/uploads\/2023\/02\/53e514dc-2104-45e5-aafd-d2d53b6bba96-230x173.jpg 230w, https:\/\/www.theturtlemanfoundation.org\/wp-content\/uploads\/2023\/02\/53e514dc-2104-45e5-aafd-d2d53b6bba96-350x263.jpg 350w, https:\/\/www.theturtlemanfoundation.org\/wp-content\/uploads\/2023\/02\/53e514dc-2104-45e5-aafd-d2d53b6bba96-480x360.jpg 480w, https:\/\/www.theturtlemanfoundation.org\/wp-content\/uploads\/2023\/02\/53e514dc-2104-45e5-aafd-d2d53b6bba96.jpg 1599w\" sizes=\"(max-width: 1024px) 100vw, 1024px\" \/>\t\t\t\t\t\t\t\t\t\t\t\t\t\t\t<\/div>\n\t\t\t\t<\/div>\n\t\t\t\t\t<\/div>\n\t\t<\/div>\n\t\t\t\t<div class=\"elementor-column elementor-col-25 elementor-inner-column elementor-element elementor-element-5fc8387\" data-id=\"5fc8387\" data-element_type=\"column\">\n\t\t\t<div class=\"elementor-widget-wrap elementor-element-populated\">\n\t\t\t\t\t\t<div class=\"elementor-element elementor-element-f16069b elementor-widget elementor-widget-image\" data-id=\"f16069b\" data-element_type=\"widget\" data-widget_type=\"image.default\">\n\t\t\t\t<div class=\"elementor-widget-container\">\n\t\t\t\t\t\t\t\t\t\t\t\t\t\t\t<img decoding=\"async\" width=\"1024\" height=\"576\" src=\"https:\/\/www.theturtlemanfoundation.org\/wp-content\/uploads\/2023\/02\/IMG_6154-1024x576.jpg\" class=\"attachment-large size-large wp-image-1709\" alt=\"\" srcset=\"https:\/\/www.theturtlemanfoundation.org\/wp-content\/uploads\/2023\/02\/IMG_6154-1024x576.jpg 1024w, https:\/\/www.theturtlemanfoundation.org\/wp-content\/uploads\/2023\/02\/IMG_6154-300x169.jpg 300w, https:\/\/www.theturtlemanfoundation.org\/wp-content\/uploads\/2023\/02\/IMG_6154-768x432.jpg 768w, https:\/\/www.theturtlemanfoundation.org\/wp-content\/uploads\/2023\/02\/IMG_6154-1536x864.jpg 1536w, https:\/\/www.theturtlemanfoundation.org\/wp-content\/uploads\/2023\/02\/IMG_6154-830x467.jpg 830w, https:\/\/www.theturtlemanfoundation.org\/wp-content\/uploads\/2023\/02\/IMG_6154-230x129.jpg 230w, https:\/\/www.theturtlemanfoundation.org\/wp-content\/uploads\/2023\/02\/IMG_6154-350x197.jpg 350w, https:\/\/www.theturtlemanfoundation.org\/wp-content\/uploads\/2023\/02\/IMG_6154-480x270.jpg 480w, https:\/\/www.theturtlemanfoundation.org\/wp-content\/uploads\/2023\/02\/IMG_6154.jpg 2048w\" sizes=\"(max-width: 1024px) 100vw, 1024px\" \/>\t\t\t\t\t\t\t\t\t\t\t\t\t\t\t<\/div>\n\t\t\t\t<\/div>\n\t\t\t\t\t<\/div>\n\t\t<\/div>\n\t\t\t\t<div class=\"elementor-column elementor-col-25 elementor-inner-column elementor-element elementor-element-ceb0582\" data-id=\"ceb0582\" data-element_type=\"column\">\n\t\t\t<div class=\"elementor-widget-wrap elementor-element-populated\">\n\t\t\t\t\t\t<div class=\"elementor-element elementor-element-d9f6f6b elementor-widget elementor-widget-image\" data-id=\"d9f6f6b\" data-element_type=\"widget\" data-widget_type=\"image.default\">\n\t\t\t\t<div class=\"elementor-widget-container\">\n\t\t\t\t\t\t\t\t\t\t\t\t\t\t\t<img decoding=\"async\" width=\"1024\" height=\"578\" src=\"https:\/\/www.theturtlemanfoundation.org\/wp-content\/uploads\/2023\/02\/IMG_6150-1024x578.jpg\" class=\"attachment-large size-large wp-image-1707\" alt=\"\" srcset=\"https:\/\/www.theturtlemanfoundation.org\/wp-content\/uploads\/2023\/02\/IMG_6150-1024x578.jpg 1024w, https:\/\/www.theturtlemanfoundation.org\/wp-content\/uploads\/2023\/02\/IMG_6150-300x169.jpg 300w, https:\/\/www.theturtlemanfoundation.org\/wp-content\/uploads\/2023\/02\/IMG_6150-768x433.jpg 768w, https:\/\/www.theturtlemanfoundation.org\/wp-content\/uploads\/2023\/02\/IMG_6150-1536x866.jpg 1536w, https:\/\/www.theturtlemanfoundation.org\/wp-content\/uploads\/2023\/02\/IMG_6150-830x468.jpg 830w, https:\/\/www.theturtlemanfoundation.org\/wp-content\/uploads\/2023\/02\/IMG_6150-230x130.jpg 230w, https:\/\/www.theturtlemanfoundation.org\/wp-content\/uploads\/2023\/02\/IMG_6150-350x197.jpg 350w, https:\/\/www.theturtlemanfoundation.org\/wp-content\/uploads\/2023\/02\/IMG_6150-480x271.jpg 480w, https:\/\/www.theturtlemanfoundation.org\/wp-content\/uploads\/2023\/02\/IMG_6150.jpg 2000w\" sizes=\"(max-width: 1024px) 100vw, 1024px\" \/>\t\t\t\t\t\t\t\t\t\t\t\t\t\t\t<\/div>\n\t\t\t\t<\/div>\n\t\t\t\t\t<\/div>\n\t\t<\/div>\n\t\t\t\t<div class=\"elementor-column elementor-col-25 elementor-inner-column elementor-element elementor-element-a7e7bee\" data-id=\"a7e7bee\" data-element_type=\"column\">\n\t\t\t<div class=\"elementor-widget-wrap elementor-element-populated\">\n\t\t\t\t\t\t<div class=\"elementor-element elementor-element-7a5613a elementor-widget elementor-widget-image\" data-id=\"7a5613a\" data-element_type=\"widget\" data-widget_type=\"image.default\">\n\t\t\t\t<div class=\"elementor-widget-container\">\n\t\t\t\t\t\t\t\t\t\t\t\t\t\t\t<img loading=\"lazy\" decoding=\"async\" width=\"578\" height=\"1024\" src=\"https:\/\/www.theturtlemanfoundation.org\/wp-content\/uploads\/2023\/02\/IMG_6152-578x1024.jpg\" class=\"attachment-large size-large wp-image-1708\" alt=\"\" srcset=\"https:\/\/www.theturtlemanfoundation.org\/wp-content\/uploads\/2023\/02\/IMG_6152-578x1024.jpg 578w, https:\/\/www.theturtlemanfoundation.org\/wp-content\/uploads\/2023\/02\/IMG_6152-169x300.jpg 169w, https:\/\/www.theturtlemanfoundation.org\/wp-content\/uploads\/2023\/02\/IMG_6152-768x1362.jpg 768w, https:\/\/www.theturtlemanfoundation.org\/wp-content\/uploads\/2023\/02\/IMG_6152-866x1536.jpg 866w, https:\/\/www.theturtlemanfoundation.org\/wp-content\/uploads\/2023\/02\/IMG_6152-830x1472.jpg 830w, https:\/\/www.theturtlemanfoundation.org\/wp-content\/uploads\/2023\/02\/IMG_6152-230x408.jpg 230w, https:\/\/www.theturtlemanfoundation.org\/wp-content\/uploads\/2023\/02\/IMG_6152-350x621.jpg 350w, https:\/\/www.theturtlemanfoundation.org\/wp-content\/uploads\/2023\/02\/IMG_6152-480x851.jpg 480w, https:\/\/www.theturtlemanfoundation.org\/wp-content\/uploads\/2023\/02\/IMG_6152.jpg 1128w\" sizes=\"(max-width: 578px) 100vw, 578px\" \/>\t\t\t\t\t\t\t\t\t\t\t\t\t\t\t<\/div>\n\t\t\t\t<\/div>\n\t\t\t\t\t<\/div>\n\t\t<\/div>\n\t\t\t\t\t<\/div>\n\t\t<\/section>\n\t\t\t\t\t<\/div>\n\t\t<\/div>\n\t\t\t\t\t<\/div>\n\t\t<\/section>\n\t\t\t\t<section class=\"elementor-section elementor-top-section elementor-element elementor-element-493ce80 elementor-hidden-mobile elementor-section-boxed elementor-section-height-default elementor-section-height-default wpr-particle-no wpr-jarallax-no wpr-parallax-no wpr-sticky-section-no\" data-id=\"493ce80\" data-element_type=\"section\" data-settings=\"{&quot;background_background&quot;:&quot;classic&quot;}\">\n\t\t\t\t\t\t<div class=\"elementor-container elementor-column-gap-default\">\n\t\t\t\t\t<div class=\"elementor-column elementor-col-50 elementor-top-column elementor-element elementor-element-3c741ab\" data-id=\"3c741ab\" data-element_type=\"column\">\n\t\t\t<div class=\"elementor-widget-wrap elementor-element-populated\">\n\t\t\t\t\t\t<div class=\"elementor-element elementor-element-73e83f2 elementor-widget elementor-widget-spacer\" data-id=\"73e83f2\" data-element_type=\"widget\" data-widget_type=\"spacer.default\">\n\t\t\t\t<div class=\"elementor-widget-container\">\n\t\t\t\t\t\t\t<div class=\"elementor-spacer\">\n\t\t\t<div class=\"elementor-spacer-inner\"><\/div>\n\t\t<\/div>\n\t\t\t\t\t\t<\/div>\n\t\t\t\t<\/div>\n\t\t\t\t<div class=\"elementor-element elementor-element-b3a11c8 elementor-widget elementor-widget-image\" data-id=\"b3a11c8\" data-element_type=\"widget\" data-widget_type=\"image.default\">\n\t\t\t\t<div class=\"elementor-widget-container\">\n\t\t\t\t\t\t\t\t\t\t\t\t\t\t\t<img loading=\"lazy\" decoding=\"async\" width=\"1599\" height=\"1200\" src=\"https:\/\/www.theturtlemanfoundation.org\/wp-content\/uploads\/2023\/02\/53e514dc-2104-45e5-aafd-d2d53b6bba96.jpg\" class=\"attachment-full size-full wp-image-1710\" alt=\"\" srcset=\"https:\/\/www.theturtlemanfoundation.org\/wp-content\/uploads\/2023\/02\/53e514dc-2104-45e5-aafd-d2d53b6bba96.jpg 1599w, https:\/\/www.theturtlemanfoundation.org\/wp-content\/uploads\/2023\/02\/53e514dc-2104-45e5-aafd-d2d53b6bba96-300x225.jpg 300w, https:\/\/www.theturtlemanfoundation.org\/wp-content\/uploads\/2023\/02\/53e514dc-2104-45e5-aafd-d2d53b6bba96-1024x768.jpg 1024w, https:\/\/www.theturtlemanfoundation.org\/wp-content\/uploads\/2023\/02\/53e514dc-2104-45e5-aafd-d2d53b6bba96-768x576.jpg 768w, https:\/\/www.theturtlemanfoundation.org\/wp-content\/uploads\/2023\/02\/53e514dc-2104-45e5-aafd-d2d53b6bba96-1536x1153.jpg 1536w, https:\/\/www.theturtlemanfoundation.org\/wp-content\/uploads\/2023\/02\/53e514dc-2104-45e5-aafd-d2d53b6bba96-830x623.jpg 830w, https:\/\/www.theturtlemanfoundation.org\/wp-content\/uploads\/2023\/02\/53e514dc-2104-45e5-aafd-d2d53b6bba96-230x173.jpg 230w, https:\/\/www.theturtlemanfoundation.org\/wp-content\/uploads\/2023\/02\/53e514dc-2104-45e5-aafd-d2d53b6bba96-350x263.jpg 350w, https:\/\/www.theturtlemanfoundation.org\/wp-content\/uploads\/2023\/02\/53e514dc-2104-45e5-aafd-d2d53b6bba96-480x360.jpg 480w\" sizes=\"(max-width: 1599px) 100vw, 1599px\" \/>\t\t\t\t\t\t\t\t\t\t\t\t\t\t\t<\/div>\n\t\t\t\t<\/div>\n\t\t\t\t<div class=\"elementor-element elementor-element-e5e3a4d elementor-widget elementor-widget-image\" data-id=\"e5e3a4d\" data-element_type=\"widget\" data-widget_type=\"image.default\">\n\t\t\t\t<div class=\"elementor-widget-container\">\n\t\t\t\t\t\t\t\t\t\t\t\t\t\t\t<img loading=\"lazy\" decoding=\"async\" width=\"2048\" height=\"1152\" src=\"https:\/\/www.theturtlemanfoundation.org\/wp-content\/uploads\/2023\/02\/IMG_6154.jpg\" class=\"attachment-full size-full wp-image-1709\" alt=\"\" srcset=\"https:\/\/www.theturtlemanfoundation.org\/wp-content\/uploads\/2023\/02\/IMG_6154.jpg 2048w, https:\/\/www.theturtlemanfoundation.org\/wp-content\/uploads\/2023\/02\/IMG_6154-300x169.jpg 300w, https:\/\/www.theturtlemanfoundation.org\/wp-content\/uploads\/2023\/02\/IMG_6154-1024x576.jpg 1024w, https:\/\/www.theturtlemanfoundation.org\/wp-content\/uploads\/2023\/02\/IMG_6154-768x432.jpg 768w, https:\/\/www.theturtlemanfoundation.org\/wp-content\/uploads\/2023\/02\/IMG_6154-1536x864.jpg 1536w, https:\/\/www.theturtlemanfoundation.org\/wp-content\/uploads\/2023\/02\/IMG_6154-830x467.jpg 830w, https:\/\/www.theturtlemanfoundation.org\/wp-content\/uploads\/2023\/02\/IMG_6154-230x129.jpg 230w, https:\/\/www.theturtlemanfoundation.org\/wp-content\/uploads\/2023\/02\/IMG_6154-350x197.jpg 350w, https:\/\/www.theturtlemanfoundation.org\/wp-content\/uploads\/2023\/02\/IMG_6154-480x270.jpg 480w\" sizes=\"(max-width: 2048px) 100vw, 2048px\" \/>\t\t\t\t\t\t\t\t\t\t\t\t\t\t\t<\/div>\n\t\t\t\t<\/div>\n\t\t\t\t<div class=\"elementor-element elementor-element-4693641 elementor-widget elementor-widget-image\" data-id=\"4693641\" data-element_type=\"widget\" data-widget_type=\"image.default\">\n\t\t\t\t<div class=\"elementor-widget-container\">\n\t\t\t\t\t\t\t\t\t\t\t\t\t\t\t<img loading=\"lazy\" decoding=\"async\" width=\"2000\" height=\"1128\" src=\"https:\/\/www.theturtlemanfoundation.org\/wp-content\/uploads\/2023\/02\/IMG_6150.jpg\" class=\"attachment-full size-full wp-image-1707\" alt=\"\" srcset=\"https:\/\/www.theturtlemanfoundation.org\/wp-content\/uploads\/2023\/02\/IMG_6150.jpg 2000w, https:\/\/www.theturtlemanfoundation.org\/wp-content\/uploads\/2023\/02\/IMG_6150-300x169.jpg 300w, https:\/\/www.theturtlemanfoundation.org\/wp-content\/uploads\/2023\/02\/IMG_6150-1024x578.jpg 1024w, https:\/\/www.theturtlemanfoundation.org\/wp-content\/uploads\/2023\/02\/IMG_6150-768x433.jpg 768w, https:\/\/www.theturtlemanfoundation.org\/wp-content\/uploads\/2023\/02\/IMG_6150-1536x866.jpg 1536w, https:\/\/www.theturtlemanfoundation.org\/wp-content\/uploads\/2023\/02\/IMG_6150-830x468.jpg 830w, https:\/\/www.theturtlemanfoundation.org\/wp-content\/uploads\/2023\/02\/IMG_6150-230x130.jpg 230w, https:\/\/www.theturtlemanfoundation.org\/wp-content\/uploads\/2023\/02\/IMG_6150-350x197.jpg 350w, https:\/\/www.theturtlemanfoundation.org\/wp-content\/uploads\/2023\/02\/IMG_6150-480x271.jpg 480w\" sizes=\"(max-width: 2000px) 100vw, 2000px\" \/>\t\t\t\t\t\t\t\t\t\t\t\t\t\t\t<\/div>\n\t\t\t\t<\/div>\n\t\t\t\t\t<\/div>\n\t\t<\/div>\n\t\t\t\t<div class=\"elementor-column elementor-col-50 elementor-top-column elementor-element elementor-element-9404b60\" data-id=\"9404b60\" data-element_type=\"column\">\n\t\t\t<div class=\"elementor-widget-wrap elementor-element-populated\">\n\t\t\t\t\t\t<div class=\"elementor-element elementor-element-33c85fc elementor-widget elementor-widget-spacer\" data-id=\"33c85fc\" data-element_type=\"widget\" data-widget_type=\"spacer.default\">\n\t\t\t\t<div class=\"elementor-widget-container\">\n\t\t\t\t\t\t\t<div class=\"elementor-spacer\">\n\t\t\t<div class=\"elementor-spacer-inner\"><\/div>\n\t\t<\/div>\n\t\t\t\t\t\t<\/div>\n\t\t\t\t<\/div>\n\t\t\t\t<div class=\"elementor-element elementor-element-9950044 elementor-widget elementor-widget-image\" data-id=\"9950044\" data-element_type=\"widget\" data-widget_type=\"image.default\">\n\t\t\t\t<div class=\"elementor-widget-container\">\n\t\t\t\t\t\t\t\t\t\t\t\t\t\t\t<img loading=\"lazy\" decoding=\"async\" width=\"1128\" height=\"2000\" src=\"https:\/\/www.theturtlemanfoundation.org\/wp-content\/uploads\/2023\/02\/IMG_6152.jpg\" class=\"attachment-full size-full wp-image-1708\" alt=\"\" srcset=\"https:\/\/www.theturtlemanfoundation.org\/wp-content\/uploads\/2023\/02\/IMG_6152.jpg 1128w, https:\/\/www.theturtlemanfoundation.org\/wp-content\/uploads\/2023\/02\/IMG_6152-169x300.jpg 169w, https:\/\/www.theturtlemanfoundation.org\/wp-content\/uploads\/2023\/02\/IMG_6152-578x1024.jpg 578w, https:\/\/www.theturtlemanfoundation.org\/wp-content\/uploads\/2023\/02\/IMG_6152-768x1362.jpg 768w, https:\/\/www.theturtlemanfoundation.org\/wp-content\/uploads\/2023\/02\/IMG_6152-866x1536.jpg 866w, https:\/\/www.theturtlemanfoundation.org\/wp-content\/uploads\/2023\/02\/IMG_6152-830x1472.jpg 830w, https:\/\/www.theturtlemanfoundation.org\/wp-content\/uploads\/2023\/02\/IMG_6152-230x408.jpg 230w, https:\/\/www.theturtlemanfoundation.org\/wp-content\/uploads\/2023\/02\/IMG_6152-350x621.jpg 350w, https:\/\/www.theturtlemanfoundation.org\/wp-content\/uploads\/2023\/02\/IMG_6152-480x851.jpg 480w\" sizes=\"(max-width: 1128px) 100vw, 1128px\" \/>\t\t\t\t\t\t\t\t\t\t\t\t\t\t\t<\/div>\n\t\t\t\t<\/div>\n\t\t\t\t\t<\/div>\n\t\t<\/div>\n\t\t\t\t\t<\/div>\n\t\t<\/section>\n\t\t\t\t<\/div>","protected":false},"excerpt":{"rendered":"<p>About the Turtleman Foundation The Turtleman Foundation was founded by Joseph, also known as \u201cThe Turtleman\u201d. Founded with a goal to be<\/p>","protected":false},"author":1,"featured_media":0,"parent":0,"menu_order":0,"comment_status":"closed","ping_status":"closed","template":"page-templates\/page_front-page.php","meta":{"footnotes":""},"class_list":["post-242","page","type-page","status-publish","hentry"],"aioseo_notices":[],"_links":{"self":[{"href":"https:\/\/www.theturtlemanfoundation.org\/es\/wp-json\/wp\/v2\/pages\/242","targetHints":{"allow":["GET"]}}],"collection":[{"href":"https:\/\/www.theturtlemanfoundation.org\/es\/wp-json\/wp\/v2\/pages"}],"about":[{"href":"https:\/\/www.theturtlemanfoundation.org\/es\/wp-json\/wp\/v2\/types\/page"}],"author":[{"embeddable":true,"href":"https:\/\/www.theturtlemanfoundation.org\/es\/wp-json\/wp\/v2\/users\/1"}],"replies":[{"embeddable":true,"href":"https:\/\/www.theturtlemanfoundation.org\/es\/wp-json\/wp\/v2\/comments?post=242"}],"version-history":[{"count":28,"href":"https:\/\/www.theturtlemanfoundation.org\/es\/wp-json\/wp\/v2\/pages\/242\/revisions"}],"predecessor-version":[{"id":1830,"href":"https:\/\/www.theturtlemanfoundation.org\/es\/wp-json\/wp\/v2\/pages\/242\/revisions\/1830"}],"wp:attachment":[{"href":"https:\/\/www.theturtlemanfoundation.org\/es\/wp-json\/wp\/v2\/media?parent=242"}],"curies":[{"name":"wp","href":"https:\/\/api.w.org\/{rel}","templated":true}]}}