{"id":307,"date":"2021-08-04T15:44:49","date_gmt":"2021-08-04T15:44:49","guid":{"rendered":"http:\/\/www.theturtlemanfoundation.org\/?page_id=307"},"modified":"2025-08-25T18:08:39","modified_gmt":"2025-08-25T18:08:39","slug":"donation","status":"publish","type":"page","link":"https:\/\/www.theturtlemanfoundation.org\/es\/donation\/","title":{"rendered":"Donation"},"content":{"rendered":"<div data-elementor-type=\"wp-page\" data-elementor-id=\"307\" class=\"elementor elementor-307\">\n\t\t\t\t\t\t<section class=\"elementor-section elementor-top-section elementor-element elementor-element-fafb1b0 elementor-section-boxed elementor-section-height-default elementor-section-height-default wpr-particle-no wpr-jarallax-no wpr-parallax-no wpr-sticky-section-no\" data-id=\"fafb1b0\" data-element_type=\"section\">\n\t\t\t\t\t\t<div class=\"elementor-container elementor-column-gap-default\">\n\t\t\t\t\t<div class=\"elementor-column elementor-col-100 elementor-top-column elementor-element elementor-element-e961109\" data-id=\"e961109\" data-element_type=\"column\">\n\t\t\t<div class=\"elementor-widget-wrap elementor-element-populated\">\n\t\t\t\t\t\t<div class=\"elementor-element elementor-element-43d8a2a elementor-widget elementor-widget-heading\" data-id=\"43d8a2a\" data-element_type=\"widget\" data-widget_type=\"heading.default\">\n\t\t\t\t<div class=\"elementor-widget-container\">\n\t\t\t\t\t<h2 class=\"elementor-heading-title elementor-size-default\">LA DONACI\u00d3N DE RECIPIEN<\/h2>\t\t\t\t<\/div>\n\t\t\t\t<\/div>\n\t\t\t\t<div class=\"elementor-element elementor-element-e124233 elementor-widget elementor-widget-spacer\" data-id=\"e124233\" data-element_type=\"widget\" data-widget_type=\"spacer.default\">\n\t\t\t\t<div class=\"elementor-widget-container\">\n\t\t\t\t\t\t\t<div class=\"elementor-spacer\">\n\t\t\t<div class=\"elementor-spacer-inner\"><\/div>\n\t\t<\/div>\n\t\t\t\t\t\t<\/div>\n\t\t\t\t<\/div>\n\t\t\t\t\t<\/div>\n\t\t<\/div>\n\t\t\t\t\t<\/div>\n\t\t<\/section>\n\t\t\t\t<section class=\"elementor-section elementor-top-section elementor-element elementor-element-852e737 elementor-section-boxed elementor-section-height-default elementor-section-height-default wpr-particle-no wpr-jarallax-no wpr-parallax-no wpr-sticky-section-no\" data-id=\"852e737\" data-element_type=\"section\">\n\t\t\t\t\t\t<div class=\"elementor-container elementor-column-gap-default\">\n\t\t\t\t\t<div class=\"elementor-column elementor-col-50 elementor-top-column elementor-element elementor-element-7a764c0\" data-id=\"7a764c0\" data-element_type=\"column\">\n\t\t\t<div class=\"elementor-widget-wrap elementor-element-populated\">\n\t\t\t\t\t\t<div class=\"elementor-element elementor-element-4cb3f1f elementor-widget elementor-widget-video\" data-id=\"4cb3f1f\" data-element_type=\"widget\" data-settings=\"{&quot;youtube_url&quot;:&quot;https:\\\/\\\/www.youtube.com\\\/watch?si=lrdIJIyDlfCJuFow&amp;v=zTyD2v7UEfg&amp;feature=youtu.be&quot;,&quot;video_type&quot;:&quot;youtube&quot;,&quot;controls&quot;:&quot;yes&quot;}\" data-widget_type=\"video.default\">\n\t\t\t\t<div class=\"elementor-widget-container\">\n\t\t\t\t\t\t\t<div class=\"elementor-wrapper elementor-open-inline\">\n\t\t\t<div class=\"elementor-video\"><\/div>\t\t<\/div>\n\t\t\t\t\t\t<\/div>\n\t\t\t\t<\/div>\n\t\t\t\t\t<\/div>\n\t\t<\/div>\n\t\t\t\t<div class=\"elementor-column elementor-col-50 elementor-top-column elementor-element elementor-element-112cdba\" data-id=\"112cdba\" data-element_type=\"column\">\n\t\t\t<div class=\"elementor-widget-wrap elementor-element-populated\">\n\t\t\t\t\t\t<div class=\"elementor-element elementor-element-295f2b8 elementor-widget elementor-widget-text-editor\" data-id=\"295f2b8\" data-element_type=\"widget\" data-widget_type=\"text-editor.default\">\n\t\t\t\t<div class=\"elementor-widget-container\">\n\t\t\t\t\t\t\t\t\t<p><span style=\"font-weight: 400;\">Este a\u00f1o se tuvo un sue\u00f1o de ser capaz de patrocinador <\/span><a href=\"https:\/\/navarrebeachseaturtles.org\/\"><span style=\"font-weight: 400;\">La Navarra De La Playa De Conservaci\u00f3n De La Tortuga Marina Centro<\/span><\/a> <span style=\"font-weight: 400;\">en Ecuador, Am\u00e9rica del Sur. Esta fundaci\u00f3n, abri\u00f3 su primer campamento que hemos sido capaces de patrocinar y ayudar en su viaje para ayudar a las tortugas marinas en su \u00e1rea. Con \u00e9xito hemos donado a su fundaci\u00f3n como la primera internacional de la donaci\u00f3n recibida de la historia! Este a\u00f1o se han ayudado con \u00e9xito a varios nidos de tortugas llegan al mar, as\u00ed como ayud\u00f3 a proteger a ellos durante la temporada de anidaci\u00f3n.\u00a0<\/span><\/p>\t\t\t\t\t\t\t\t<\/div>\n\t\t\t\t<\/div>\n\t\t\t\t<div class=\"elementor-element elementor-element-80ca499 e-transform elementor-widget elementor-widget-image\" data-id=\"80ca499\" data-element_type=\"widget\" data-settings=\"{&quot;_transform_scale_effect&quot;:{&quot;unit&quot;:&quot;px&quot;,&quot;size&quot;:0.6,&quot;sizes&quot;:[]},&quot;_transform_scale_effect_tablet&quot;:{&quot;unit&quot;:&quot;px&quot;,&quot;size&quot;:&quot;&quot;,&quot;sizes&quot;:[]},&quot;_transform_scale_effect_mobile&quot;:{&quot;unit&quot;:&quot;px&quot;,&quot;size&quot;:&quot;&quot;,&quot;sizes&quot;:[]}}\" data-widget_type=\"image.default\">\n\t\t\t\t<div class=\"elementor-widget-container\">\n\t\t\t\t\t\t\t\t\t\t\t\t\t\t\t\t<a href=\"https:\/\/www.paypal.com\/ncp\/payment\/94CJ2KJYKMAE4\">\n\t\t\t\t\t\t\t<img fetchpriority=\"high\" decoding=\"async\" width=\"300\" height=\"171\" src=\"https:\/\/www.theturtlemanfoundation.org\/wp-content\/uploads\/2024\/06\/5895cea4cba9841eabab606f-300x171.png\" class=\"attachment-medium size-medium wp-image-1833\" alt=\"\" srcset=\"https:\/\/www.theturtlemanfoundation.org\/wp-content\/uploads\/2024\/06\/5895cea4cba9841eabab606f-300x171.png 300w, https:\/\/www.theturtlemanfoundation.org\/wp-content\/uploads\/2024\/06\/5895cea4cba9841eabab606f-230x131.png 230w, https:\/\/www.theturtlemanfoundation.org\/wp-content\/uploads\/2024\/06\/5895cea4cba9841eabab606f-350x200.png 350w, https:\/\/www.theturtlemanfoundation.org\/wp-content\/uploads\/2024\/06\/5895cea4cba9841eabab606f-480x274.png 480w, https:\/\/www.theturtlemanfoundation.org\/wp-content\/uploads\/2024\/06\/5895cea4cba9841eabab606f.png 500w\" sizes=\"(max-width: 300px) 100vw, 300px\" \/>\t\t\t\t\t\t\t\t<\/a>\n\t\t\t\t\t\t\t\t\t\t\t\t\t\t\t<\/div>\n\t\t\t\t<\/div>\n\t\t\t\t\t<\/div>\n\t\t<\/div>\n\t\t\t\t\t<\/div>\n\t\t<\/section>\n\t\t\t\t<\/div>","protected":false},"excerpt":{"rendered":"<p>DONATION RECIPIEN https:\/\/www.youtube.com\/watch?si=lrdIJIyDlfCJuFow&#038;v=zTyD2v7UEfg&#038;feature=youtu.be This year they had a dream of being able to sponsor The Navarre Beach Sea Turtle Conservation Center in<\/p>","protected":false},"author":1,"featured_media":0,"parent":0,"menu_order":0,"comment_status":"closed","ping_status":"closed","template":"elementor_header_footer","meta":{"footnotes":""},"class_list":["post-307","page","type-page","status-publish","hentry"],"aioseo_notices":[],"_links":{"self":[{"href":"https:\/\/www.theturtlemanfoundation.org\/es\/wp-json\/wp\/v2\/pages\/307","targetHints":{"allow":["GET"]}}],"collection":[{"href":"https:\/\/www.theturtlemanfoundation.org\/es\/wp-json\/wp\/v2\/pages"}],"about":[{"href":"https:\/\/www.theturtlemanfoundation.org\/es\/wp-json\/wp\/v2\/types\/page"}],"author":[{"embeddable":true,"href":"https:\/\/www.theturtlemanfoundation.org\/es\/wp-json\/wp\/v2\/users\/1"}],"replies":[{"embeddable":true,"href":"https:\/\/www.theturtlemanfoundation.org\/es\/wp-json\/wp\/v2\/comments?post=307"}],"version-history":[{"count":56,"href":"https:\/\/www.theturtlemanfoundation.org\/es\/wp-json\/wp\/v2\/pages\/307\/revisions"}],"predecessor-version":[{"id":2632,"href":"https:\/\/www.theturtlemanfoundation.org\/es\/wp-json\/wp\/v2\/pages\/307\/revisions\/2632"}],"wp:attachment":[{"href":"https:\/\/www.theturtlemanfoundation.org\/es\/wp-json\/wp\/v2\/media?parent=307"}],"curies":[{"name":"wp","href":"https:\/\/api.w.org\/{rel}","templated":true}]}}