{"id":559,"date":"2021-11-30T17:55:45","date_gmt":"2021-11-30T17:55:45","guid":{"rendered":"http:\/\/www.theturtlemanfoundation.org\/?page_id=559"},"modified":"2022-01-26T00:56:09","modified_gmt":"2022-01-26T00:56:09","slug":"kemps-ridley","status":"publish","type":"page","link":"https:\/\/www.theturtlemanfoundation.org\/es\/kemps-ridley\/","title":{"rendered":"LORA"},"content":{"rendered":"<div data-elementor-type=\"wp-page\" data-elementor-id=\"559\" class=\"elementor elementor-559\">\n\t\t\t\t\t\t<section class=\"elementor-section elementor-top-section elementor-element elementor-element-310b2a3 elementor-section-boxed elementor-section-height-default elementor-section-height-default wpr-particle-no wpr-jarallax-no wpr-parallax-no wpr-sticky-section-no\" data-id=\"310b2a3\" data-element_type=\"section\" data-settings=\"{&quot;background_background&quot;:&quot;classic&quot;}\">\n\t\t\t\t\t\t<div class=\"elementor-container elementor-column-gap-default\">\n\t\t\t\t\t<div class=\"elementor-column elementor-col-100 elementor-top-column elementor-element elementor-element-f7d4add\" data-id=\"f7d4add\" data-element_type=\"column\">\n\t\t\t<div class=\"elementor-widget-wrap elementor-element-populated\">\n\t\t\t\t\t\t<div class=\"elementor-element elementor-element-b7db7ee elementor-widget elementor-widget-spacer\" data-id=\"b7db7ee\" data-element_type=\"widget\" data-widget_type=\"spacer.default\">\n\t\t\t\t<div class=\"elementor-widget-container\">\n\t\t\t\t\t\t\t<div class=\"elementor-spacer\">\n\t\t\t<div class=\"elementor-spacer-inner\"><\/div>\n\t\t<\/div>\n\t\t\t\t\t\t<\/div>\n\t\t\t\t<\/div>\n\t\t\t\t<div class=\"elementor-element elementor-element-877f575 elementor-widget elementor-widget-heading\" data-id=\"877f575\" data-element_type=\"widget\" data-widget_type=\"heading.default\">\n\t\t\t\t<div class=\"elementor-widget-container\">\n\t\t\t\t\t<h2 class=\"elementor-heading-title elementor-size-default\">LORA<\/h2>\t\t\t\t<\/div>\n\t\t\t\t<\/div>\n\t\t\t\t<div class=\"elementor-element elementor-element-8ae8a39 elementor-widget elementor-widget-text-editor\" data-id=\"8ae8a39\" data-element_type=\"widget\" data-widget_type=\"text-editor.default\">\n\t\t\t\t<div class=\"elementor-widget-container\">\n\t\t\t\t\t\t\t\t\t<p><span style=\"font-weight: 400;\">La lora es la m\u00e1s peque\u00f1a de las tortugas marinas y tiene un \u00e1rea de distribuci\u00f3n extremadamente restringido, anidaci\u00f3n s\u00f3lo a lo largo de las costas del Caribe del norte de M\u00e9xico y en Texas, U. S. A. hace Cincuenta a\u00f1os, la lora estuvo cerca de la extinci\u00f3n. Aunque esta especie muestra signos de recuperaci\u00f3n, redes de pesca y desarrollo de las zonas costeras contin\u00faan amenazando a las especies, y queda mucho trabajo por hacer antes de que pueda ser considerado seguro.<\/span><\/p>\t\t\t\t\t\t\t\t<\/div>\n\t\t\t\t<\/div>\n\t\t\t\t<div class=\"elementor-element elementor-element-ca42953 elementor-widget elementor-widget-spacer\" data-id=\"ca42953\" data-element_type=\"widget\" data-widget_type=\"spacer.default\">\n\t\t\t\t<div class=\"elementor-widget-container\">\n\t\t\t\t\t\t\t<div class=\"elementor-spacer\">\n\t\t\t<div class=\"elementor-spacer-inner\"><\/div>\n\t\t<\/div>\n\t\t\t\t\t\t<\/div>\n\t\t\t\t<\/div>\n\t\t\t\t\t<\/div>\n\t\t<\/div>\n\t\t\t\t\t<\/div>\n\t\t<\/section>\n\t\t\t\t<section class=\"elementor-section elementor-top-section elementor-element elementor-element-f467fed elementor-section-boxed elementor-section-height-default elementor-section-height-default wpr-particle-no wpr-jarallax-no wpr-parallax-no wpr-sticky-section-no\" data-id=\"f467fed\" data-element_type=\"section\">\n\t\t\t\t\t\t<div class=\"elementor-container elementor-column-gap-default\">\n\t\t\t\t\t<div class=\"elementor-column elementor-col-50 elementor-top-column elementor-element elementor-element-1ddcfe6\" data-id=\"1ddcfe6\" data-element_type=\"column\">\n\t\t\t<div class=\"elementor-widget-wrap elementor-element-populated\">\n\t\t\t\t\t\t<div class=\"elementor-element elementor-element-516a548 elementor-widget elementor-widget-spacer\" data-id=\"516a548\" data-element_type=\"widget\" data-widget_type=\"spacer.default\">\n\t\t\t\t<div class=\"elementor-widget-container\">\n\t\t\t\t\t\t\t<div class=\"elementor-spacer\">\n\t\t\t<div class=\"elementor-spacer-inner\"><\/div>\n\t\t<\/div>\n\t\t\t\t\t\t<\/div>\n\t\t\t\t<\/div>\n\t\t\t\t<div class=\"elementor-element elementor-element-501c0ae elementor-pagination-position-outside elementor-widget elementor-widget-image-carousel\" data-id=\"501c0ae\" data-element_type=\"widget\" data-settings=\"{&quot;slides_to_show&quot;:&quot;1&quot;,&quot;effect&quot;:&quot;fade&quot;,&quot;navigation&quot;:&quot;dots&quot;,&quot;autoplay&quot;:&quot;yes&quot;,&quot;pause_on_hover&quot;:&quot;yes&quot;,&quot;pause_on_interaction&quot;:&quot;yes&quot;,&quot;autoplay_speed&quot;:5000,&quot;infinite&quot;:&quot;yes&quot;,&quot;speed&quot;:500}\" data-widget_type=\"image-carousel.default\">\n\t\t\t\t<div class=\"elementor-widget-container\">\n\t\t\t\t\t\t\t<div class=\"elementor-image-carousel-wrapper swiper\" role=\"region\" aria-roledescription=\"carousel\" aria-label=\"Image Carousel\" dir=\"ltr\">\n\t\t\t<div class=\"elementor-image-carousel swiper-wrapper\" aria-live=\"off\">\n\t\t\t\t\t\t\t\t<div class=\"swiper-slide\" role=\"group\" aria-roledescription=\"slide\" aria-label=\"1 of 2\"><figure class=\"swiper-slide-inner\"><img decoding=\"async\" class=\"swiper-slide-image\" src=\"https:\/\/www.theturtlemanfoundation.org\/wp-content\/uploads\/2021\/12\/Kemps-Ridle.jpg\" alt=\"Kemp&#039;s-Ridle\" \/><\/figure><\/div><div class=\"swiper-slide\" role=\"group\" aria-roledescription=\"slide\" aria-label=\"2 of 2\"><figure class=\"swiper-slide-inner\"><img decoding=\"async\" class=\"swiper-slide-image\" src=\"https:\/\/www.theturtlemanfoundation.org\/wp-content\/uploads\/2021\/12\/Kemps-Ridle-1.jpg\" alt=\"Kemps---Ridle\" \/><\/figure><\/div>\t\t\t<\/div>\n\t\t\t\t\t\t\t\n\t\t\t\t\t\t\t\t\t<div class=\"swiper-pagination\"><\/div>\n\t\t\t\t\t\t\t\t\t<\/div>\n\t\t\t\t\t\t<\/div>\n\t\t\t\t<\/div>\n\t\t\t\t\t<\/div>\n\t\t<\/div>\n\t\t\t\t<div class=\"elementor-column elementor-col-50 elementor-top-column elementor-element elementor-element-1ffdf9b\" data-id=\"1ffdf9b\" data-element_type=\"column\">\n\t\t\t<div class=\"elementor-widget-wrap elementor-element-populated\">\n\t\t\t\t\t\t<div class=\"elementor-element elementor-element-0221670 elementor-widget elementor-widget-spacer\" data-id=\"0221670\" data-element_type=\"widget\" data-widget_type=\"spacer.default\">\n\t\t\t\t<div class=\"elementor-widget-container\">\n\t\t\t\t\t\t\t<div class=\"elementor-spacer\">\n\t\t\t<div class=\"elementor-spacer-inner\"><\/div>\n\t\t<\/div>\n\t\t\t\t\t\t<\/div>\n\t\t\t\t<\/div>\n\t\t\t\t<div class=\"elementor-element elementor-element-0edf4a2 elementor-widget elementor-widget-eael-adv-accordion\" data-id=\"0edf4a2\" data-element_type=\"widget\" data-widget_type=\"eael-adv-accordion.default\">\n\t\t\t\t<div class=\"elementor-widget-container\">\n\t\t\t\t\t        <div class=\"eael-adv-accordion\" id=\"eael-adv-accordion-0edf4a2\" data-scroll-on-click=\"no\" data-scroll-speed=\"300\" data-accordion-id=\"0edf4a2\" data-accordion-type=\"accordion\" data-toogle-speed=\"300\">\n    <div class=\"eael-accordion-list\">\n                <div id=\"scientific-name\" class=\"elementor-tab-title eael-accordion-header\" tabindex=\"0\" data-tab=\"1\" aria-controls=\"elementor-tab-content-1551\"><span class=\"eael-advanced-accordion-icon-closed\"><i aria-hidden=\"true\" class=\"fa-accordion-icon fas fa-plus\"><\/i><\/span><span class=\"eael-advanced-accordion-icon-opened\"><i aria-hidden=\"true\" class=\"fa-accordion-icon fas fa-minus\"><\/i><\/span><span class=\"eael-accordion-tab-title\">NOMBRE CIENT\u00cdFICO<\/span><i aria-hidden=\"true\" class=\"fa-toggle fas fa-angle-right\"><\/i><\/div><div id=\"elementor-tab-content-1551\" class=\"eael-accordion-content clearfix\" data-tab=\"1\" aria-labelledby=\"scientific-name\"><p><i><span style=\"font-weight: 400;\">Lepidochelys Kempii<\/span><\/i><\/p><\/div>\n                <\/div><div class=\"eael-accordion-list\">\n                <div id=\"status\" class=\"elementor-tab-title eael-accordion-header\" tabindex=\"0\" data-tab=\"2\" aria-controls=\"elementor-tab-content-1552\"><span class=\"eael-advanced-accordion-icon-closed\"><i aria-hidden=\"true\" class=\"fa-accordion-icon fas fa-plus\"><\/i><\/span><span class=\"eael-advanced-accordion-icon-opened\"><i aria-hidden=\"true\" class=\"fa-accordion-icon fas fa-minus\"><\/i><\/span><span class=\"eael-accordion-tab-title\">ESTADO<\/span><i aria-hidden=\"true\" class=\"fa-toggle fas fa-angle-right\"><\/i><\/div><div id=\"elementor-tab-content-1552\" class=\"eael-accordion-content clearfix\" data-tab=\"2\" aria-labelledby=\"status\"><p><span style=\"font-weight: 400;\">En Peligro Cr\u00edtico De Extinci\u00f3n<\/span><\/p><\/div>\n                <\/div><div class=\"eael-accordion-list\">\n                <div id=\"distribution\" class=\"elementor-tab-title eael-accordion-header\" tabindex=\"0\" data-tab=\"3\" aria-controls=\"elementor-tab-content-1553\"><span class=\"eael-advanced-accordion-icon-closed\"><i aria-hidden=\"true\" class=\"fa-accordion-icon fas fa-plus\"><\/i><\/span><span class=\"eael-advanced-accordion-icon-opened\"><i aria-hidden=\"true\" class=\"fa-accordion-icon fas fa-minus\"><\/i><\/span><span class=\"eael-accordion-tab-title\">DISTRIBUCI\u00d3N<\/span><i aria-hidden=\"true\" class=\"fa-toggle fas fa-angle-right\"><\/i><\/div><div id=\"elementor-tab-content-1553\" class=\"eael-accordion-content clearfix\" data-tab=\"3\" aria-labelledby=\"distribution\"><ul><li style=\"font-weight: 400;\" aria-level=\"1\"><span style=\"font-weight: 400;\">M\u00e1s restringida \u00e1rea de distribuci\u00f3n geogr\u00e1fica de todas las especies de tortugas marinas. S\u00f3lo las \u00e1reas de anidaci\u00f3n se encuentran en Rancho Nuevo, Tamaulipas, M\u00e9xico, y en Texas, estados UNIDOS<\/span><\/li><li style=\"font-weight: 400;\" aria-level=\"1\"><span style=\"font-weight: 400;\">No nidifican en el \u00e1rea de distribuci\u00f3n se extiende entre el Noroeste del Oc\u00e9ano Atl\u00e1ntico, el Golfo de M\u00e9xico, y el Caribe.<\/span><\/li><\/ul><\/div>\n                <\/div><div class=\"eael-accordion-list\">\n                <div id=\"size-\" class=\"elementor-tab-title eael-accordion-header\" tabindex=\"0\" data-tab=\"4\" aria-controls=\"elementor-tab-content-1554\"><span class=\"eael-advanced-accordion-icon-closed\"><i aria-hidden=\"true\" class=\"fa-accordion-icon fas fa-plus\"><\/i><\/span><span class=\"eael-advanced-accordion-icon-opened\"><i aria-hidden=\"true\" class=\"fa-accordion-icon fas fa-minus\"><\/i><\/span><span class=\"eael-accordion-tab-title\">TAMA\u00d1O <\/span><i aria-hidden=\"true\" class=\"fa-toggle fas fa-angle-right\"><\/i><\/div><div id=\"elementor-tab-content-1554\" class=\"eael-accordion-content clearfix\" data-tab=\"4\" aria-labelledby=\"size-\"><p><strong><em>ADULTO<\/em><\/strong><\/p><ul><li style=\"font-weight: 400;\" aria-level=\"1\"><span style=\"font-weight: 400;\">La longitud de 1.8 \u2013 2.2 ft<\/span><\/li><li style=\"font-weight: 400;\" aria-level=\"1\"><span style=\"font-weight: 400;\">Peso de 100 pds<\/span><\/li><\/ul><\/div>\n                <\/div><div class=\"eael-accordion-list\">\n                <div id=\"hatchling\" class=\"elementor-tab-title eael-accordion-header\" tabindex=\"0\" data-tab=\"5\" aria-controls=\"elementor-tab-content-1555\"><span class=\"eael-advanced-accordion-icon-closed\"><i aria-hidden=\"true\" class=\"fa-accordion-icon fas fa-plus\"><\/i><\/span><span class=\"eael-advanced-accordion-icon-opened\"><i aria-hidden=\"true\" class=\"fa-accordion-icon fas fa-minus\"><\/i><\/span><span class=\"eael-accordion-tab-title\">Los NEONATOS<\/span><i aria-hidden=\"true\" class=\"fa-toggle fas fa-angle-right\"><\/i><\/div><div id=\"elementor-tab-content-1555\" class=\"eael-accordion-content clearfix\" data-tab=\"5\" aria-labelledby=\"hatchling\"><ul><li style=\"font-weight: 400;\" aria-level=\"1\"><span style=\"font-weight: 400;\">La longitud de 2,5 cm<\/span><\/li><li style=\"font-weight: 400;\" aria-level=\"1\"><span style=\"font-weight: 400;\">Peso .5 oz<\/span><\/li><\/ul><\/div>\n                <\/div><div class=\"eael-accordion-list\">\n                <div id=\"diet\" class=\"elementor-tab-title eael-accordion-header\" tabindex=\"0\" data-tab=\"6\" aria-controls=\"elementor-tab-content-1556\"><span class=\"eael-advanced-accordion-icon-closed\"><i aria-hidden=\"true\" class=\"fa-accordion-icon fas fa-plus\"><\/i><\/span><span class=\"eael-advanced-accordion-icon-opened\"><i aria-hidden=\"true\" class=\"fa-accordion-icon fas fa-minus\"><\/i><\/span><span class=\"eael-accordion-tab-title\">DIETA<\/span><i aria-hidden=\"true\" class=\"fa-toggle fas fa-angle-right\"><\/i><\/div><div id=\"elementor-tab-content-1556\" class=\"eael-accordion-content clearfix\" data-tab=\"6\" aria-labelledby=\"diet\"><p><span style=\"font-weight: 400;\">Para todas las etapas de la vida, en su mayor\u00eda invertebrados bent\u00f3nicos (cangrejos, otros crust\u00e1ceos y moluscos) y algunas jaleas<\/span><\/p><\/div>\n                <\/div><div class=\"eael-accordion-list\">\n                <div id=\"reproduction\" class=\"elementor-tab-title eael-accordion-header\" tabindex=\"0\" data-tab=\"7\" aria-controls=\"elementor-tab-content-1557\"><span class=\"eael-advanced-accordion-icon-closed\"><i aria-hidden=\"true\" class=\"fa-accordion-icon fas fa-plus\"><\/i><\/span><span class=\"eael-advanced-accordion-icon-opened\"><i aria-hidden=\"true\" class=\"fa-accordion-icon fas fa-minus\"><\/i><\/span><span class=\"eael-accordion-tab-title\">REPRODUCCI\u00d3N<\/span><i aria-hidden=\"true\" class=\"fa-toggle fas fa-angle-right\"><\/i><\/div><div id=\"elementor-tab-content-1557\" class=\"eael-accordion-content clearfix\" data-tab=\"7\" aria-labelledby=\"reproduction\"><ul><li style=\"font-weight: 400;\" aria-level=\"1\"><span style=\"font-weight: 400;\">Se reproducen cada 1-3 a\u00f1os<\/span><\/li><li style=\"font-weight: 400;\" aria-level=\"1\"><span style=\"font-weight: 400;\">Ponen 2 a 3 nidadas por temporada<\/span><\/li><li style=\"font-weight: 400;\" aria-level=\"1\"><span style=\"font-weight: 400;\">Laicos de 90 a 130 huevos por nidada<\/span><\/li><li style=\"font-weight: 400;\" aria-level=\"1\"><span style=\"font-weight: 400;\">Ping-pong tama\u00f1o de una pelota de huevos pesan aproximadamente 1 oz cada<\/span><\/li><li style=\"font-weight: 400;\" aria-level=\"1\"><span style=\"font-weight: 400;\">El per\u00edodo de incubaci\u00f3n es de aproximadamente 60 d\u00edas<\/span><\/li><li style=\"font-weight: 400;\" aria-level=\"1\"><span style=\"font-weight: 400;\">Tarda de 10 a 15 a\u00f1os para alcanzar la madurez sexual<\/span><\/li><\/ul><\/div>\n                <\/div><div class=\"eael-accordion-list\">\n                <div id=\"facts\" class=\"elementor-tab-title eael-accordion-header\" tabindex=\"0\" data-tab=\"8\" aria-controls=\"elementor-tab-content-1558\"><span class=\"eael-advanced-accordion-icon-closed\"><i aria-hidden=\"true\" class=\"fa-accordion-icon fas fa-plus\"><\/i><\/span><span class=\"eael-advanced-accordion-icon-opened\"><i aria-hidden=\"true\" class=\"fa-accordion-icon fas fa-minus\"><\/i><\/span><span class=\"eael-accordion-tab-title\">HECHOS<\/span><i aria-hidden=\"true\" class=\"fa-toggle fas fa-angle-right\"><\/i><\/div><div id=\"elementor-tab-content-1558\" class=\"eael-accordion-content clearfix\" data-tab=\"8\" aria-labelledby=\"facts\"><ul><li style=\"font-weight: 400;\" aria-level=\"1\"><span style=\"font-weight: 400;\">Junto con la tortuga lora, la tortuga Lora son las \u00fanicas especies de tortugas marinas para la exhibici\u00f3n s\u00edncrona de anidaci\u00f3n masiva, denominado arribadas al final de la frase el significado de la llegada por mar.<\/span><\/li><li style=\"font-weight: 400;\" aria-level=\"1\"><span style=\"font-weight: 400;\">Durante las arribadas, la palabra en espa\u00f1ol &#039;llegadas&#039; decenas de miles de tortugas hembras anidan durante el mismo per\u00edodo de 3 a 7 d\u00edas una vez al mes.<\/span><\/li><li style=\"font-weight: 400;\" aria-level=\"1\"><span style=\"font-weight: 400;\">Junto con la tortuga lora, y, en menor medida, flatbacks, la tortuga Lora son las \u00fanicas especies de tortugas marinas que com\u00fanmente nido durante el d\u00eda.\u00a0<\/span><\/li><li style=\"font-weight: 400;\" aria-level=\"1\"><span style=\"font-weight: 400;\">Un incre\u00edble Mundo-gran esfuerzo se ha hecho para salvar a la tortuga Lora de la extinci\u00f3n por la translocaci\u00f3n de los huevos de las playas de M\u00e9xico a las playas en Texas.<\/span><\/li><\/ul><\/div>\n                <\/div><\/div>\t\t\t\t<\/div>\n\t\t\t\t<\/div>\n\t\t\t\t\t<\/div>\n\t\t<\/div>\n\t\t\t\t\t<\/div>\n\t\t<\/section>\n\t\t\t\t<\/div>","protected":false},"excerpt":{"rendered":"<p>KEMP&#8217;S RIDLEY The Kemp\u2019s ridley is the smallest of the sea turtles and has an extremely restricted range, nesting only along the<\/p>","protected":false},"author":1,"featured_media":0,"parent":0,"menu_order":0,"comment_status":"closed","ping_status":"closed","template":"page-templates\/page_front-page.php","meta":{"footnotes":""},"class_list":["post-559","page","type-page","status-publish","hentry"],"aioseo_notices":[],"_links":{"self":[{"href":"https:\/\/www.theturtlemanfoundation.org\/es\/wp-json\/wp\/v2\/pages\/559","targetHints":{"allow":["GET"]}}],"collection":[{"href":"https:\/\/www.theturtlemanfoundation.org\/es\/wp-json\/wp\/v2\/pages"}],"about":[{"href":"https:\/\/www.theturtlemanfoundation.org\/es\/wp-json\/wp\/v2\/types\/page"}],"author":[{"embeddable":true,"href":"https:\/\/www.theturtlemanfoundation.org\/es\/wp-json\/wp\/v2\/users\/1"}],"replies":[{"embeddable":true,"href":"https:\/\/www.theturtlemanfoundation.org\/es\/wp-json\/wp\/v2\/comments?post=559"}],"version-history":[{"count":25,"href":"https:\/\/www.theturtlemanfoundation.org\/es\/wp-json\/wp\/v2\/pages\/559\/revisions"}],"predecessor-version":[{"id":1141,"href":"https:\/\/www.theturtlemanfoundation.org\/es\/wp-json\/wp\/v2\/pages\/559\/revisions\/1141"}],"wp:attachment":[{"href":"https:\/\/www.theturtlemanfoundation.org\/es\/wp-json\/wp\/v2\/media?parent=559"}],"curies":[{"name":"wp","href":"https:\/\/api.w.org\/{rel}","templated":true}]}}